{"id":48,"date":"2023-02-19T20:21:39","date_gmt":"2023-02-19T20:21:39","guid":{"rendered":"https:\/\/schachklub-sparkasse-jenbach.at\/?page_id=48"},"modified":"2023-02-25T21:38:07","modified_gmt":"2023-02-25T21:38:07","slug":"jenbacher-jugendtraining","status":"publish","type":"page","link":"https:\/\/schachklub-sparkasse-jenbach.at\/index.php\/jenbacher-jugendtraining\/","title":{"rendered":"Jenbacher Jugendtraining"},"content":{"rendered":"\n<p>Beim Jugendtraining im Schachklub Sparkasse Jenbach lernen die Kinder und Jugendlichen wie man mit Spa\u00df und Erfolg das Spiel der K\u00f6nige spielt. Je nach Vorwissen werden zuerst die Regeln im Anf\u00e4ngertraining gezeigt oder wird schon direkt mit den Beginnertraining in die Tiefen des Schachspiels eingetaucht. Das Training wird von den beiden Trainern Michael Siding und Benjamin Spierings, die auch aus dem Jenbacher Jungtraining kommen, geleitet.&nbsp;<\/p>\n\n\n\n<h4 class=\"wp-block-heading\">Anf\u00e4ngertraining<\/h4>\n\n\n\n<p>Im Fokus des Anf\u00e4ngertrainings steht das Erlernen aller Grundf\u00e4higkeiten, die ben\u00f6tigt werden, um eine Schachpartie zu spielen und besonders der Spa\u00df am Schachspielen. &nbsp;&nbsp;<\/p>\n\n\n\n<ul>\n<li>Wie ziehen die Figuren?<\/li>\n\n\n\n<li>Wie schlagen die Figuren?<\/li>\n\n\n\n<li>Was ist der Wert der Figuren?<\/li>\n\n\n\n<li>Aufstellung der Figuren<\/li>\n\n\n\n<li>Schachnotation<\/li>\n\n\n\n<li>Schach geben und verteidigen<\/li>\n\n\n\n<li>Mattsetzen und Patt<\/li>\n\n\n\n<li>Rochade<\/li>\n\n\n\n<li>Bauernumwandeln und En passant<\/li>\n<\/ul>\n\n\n\n<p>Um all diese Aspekte altersgerecht zu kommunizieren, verwenden wir die Lern- und \u00dcbungshefte \u201eSchach lernen f\u00fcr Sch\u00fcler\u201c vom Rochade Kids Verlag (<a href=\"https:\/\/rochade-kids.de\/schach-lernen-fuer-schueler\/\">https:\/\/rochade-kids.de\/schach-lernen-fuer-schueler\/<\/a>). Die buntgestalteten und leicht zu lesenden Hefte mit ihren viele \u00dcbungsbeispielen sind ideal, um die Schachregeln spielend und mit Spa\u00df zu erlernen.&nbsp;<\/p>\n\n\n\n<h4 class=\"wp-block-heading\">Jugendtraining<\/h4>\n\n\n\n<p>Sind die Schachregeln bekannt so geht es nahtlos mit der n\u00e4chsten Stufe weiter. &nbsp;Hier ist es das Ziel, dass die Kinder erste Einblicke in die Schachstrategie, Taktiken, Er\u00f6ffnungen und Endspiele bekommen, damit eine Schachpartie mit Spa\u00df und Erfolg spielen k\u00f6nnen.&nbsp;<\/p>\n\n\n\n<p><strong>Schachstrategie<\/strong>:<br>Die Schachstrategie besch\u00e4ftig sich mit den Fragen \u201eWo stehen meine Figuren gut?\u201c und \u201eWas soll ich nun in dieser Stellung machen?\u201c. Im Zentrum unserer Einf\u00fchrung in die Schachstrategie stehen die 10 goldenen Faustregeln von Gro\u00dfmeister Daniel King:<\/p>\n\n\n\n<p><strong>Die Er\u00f6ffnung<\/strong><\/p>\n\n\n\n<ul>\n<li>Regel 1: Er\u00f6ffne mit einem Zentrumsbauern<\/li>\n\n\n\n<li>Regel 2: Ziehe Deine Figuren heraus<\/li>\n\n\n\n<li>Regel 3: Rochiere so schnell wie m\u00f6glich<\/li>\n<\/ul>\n\n\n\n<p><strong>Das Mittelspiel<\/strong><\/p>\n\n\n\n<ul>\n<li>Regel 4: Halte nach Beute Ausschau<\/li>\n\n\n\n<li>Regel 5: Studiere sorgf\u00e4ltig den letzten Zug Deines Gegners<\/li>\n\n\n\n<li>Regel 6: Achte auf taktische Schl\u00e4ge<\/li>\n\n\n\n<li>Regel 7: Greife den K\u00f6nig an<\/li>\n<\/ul>\n\n\n\n<p><strong>Das Endspiel<\/strong><\/p>\n\n\n\n<ul>\n<li>Regel 8: Kenne die einfachen Mattf\u00fchrungen<\/li>\n\n\n\n<li>Regel 9: Hole eine neue K\u00f6nigin<\/li>\n\n\n\n<li>Regel 10: Setze den K\u00f6nig<\/li>\n<\/ul>\n\n\n\n<p>Diese Regeln beschreiben einen Roten Faden, der sich durch eine gesamte Schachpartie f\u00fchrt, und sie sind damit eine St\u00fctze, wenn man mal in der Partie nicht mehr weiterwei\u00df (auch f\u00fcr erfahrene Schachspieler).<\/p>\n\n\n\n<p><strong>Taktiken:<\/strong><br>Wenn sich die Schachstrategie damit auseinandersetzt, ob eine Figur auf einem Feld gutsteht, dann sagt die Schachtaktik, ob ich diese Z\u00fcge \u00fcberhaupt machen darf. Denn es hilft nicht, wenn eine Figur, nach dem strategischen Auge zwar gutsteht, aber direkt mit einer Taktik geschlagen werden kann. Um Figuren zu schlagen, gibt es viele Tricks und Fallen, w\u00e4hrend dem Training lernen die Kinder folgende taktische Motive:<\/p>\n\n\n\n<ul>\n<li>Doppelangriff<\/li>\n\n\n\n<li>Fesselung<\/li>\n\n\n\n<li>Spie\u00df<\/li>\n\n\n\n<li>Abzugsangriff<\/li>\n\n\n\n<li>Entfernen des Verteidigers<\/li>\n\n\n\n<li>Ablenkung<\/li>\n\n\n\n<li>Hinlenkung<\/li>\n<\/ul>\n\n\n\n<p><strong>Mattbilder und -f\u00fchrungen:<\/strong><br>Matt beendet die Partie. Deshalb ist es wichtig, zu wissen, wie man es macht. Im Laufe des Trainings lernen die Kinder elementare Mattf\u00fchrungen wie<\/p>\n\n\n\n<ul>\n<li>Mattsetzen mit einer Dame<\/li>\n\n\n\n<li>Mattsetzen mit zwei T\u00fcrmen (Treppenmatt)<\/li>\n\n\n\n<li>Mattsetzen mit einem Turm<\/li>\n\n\n\n<li>Mattsetzen mit zwei L\u00e4ufer<\/li>\n<\/ul>\n\n\n\n<p>aber auch komplexere Mattbilder auf den rochierten K\u00f6nig wie das Damianos Matt.<\/p>\n\n\n\n<p><strong>Er\u00f6ffnungen:<\/strong><br>Im ersten Zug kann Wei\u00df schon gleich 20 verschiedene Z\u00fcge machen und auf jeden dieser 20 kann Schwarz mit 20 verschiedenen Z\u00fcgen antworten. Da kann man schon schnell den \u00dcberblick verlieren. Deshalb zeigen wir den Kinder einfache und effiziente Er\u00f6ffnungsz\u00fcge, wo sie ihre Figuren auf gute Felder stellen und danach den Gegner unter Druck setzen k\u00f6nnen. Au\u00dferdem zeigen wir den Kinder, wie sie ihren Gegner spa\u00dfige Fallen stellen k\u00f6nnen und wie sie selbst mit Er\u00f6ffnungsfallen umgehen k\u00f6nnen.<\/p>\n\n\n\n<p><strong>Endspiele:<\/strong><br>Nicht immer endet eine Schachpartie mit einem entscheidenden Angriff auf den gegnerischen K\u00f6nig. Gerade dann wird es wichtig sich mit Endspiele (Stellungen mit wenigen Figuren) auszukennen. &nbsp;Wir zeigen den Kindern wie sie in dieser Phase durch die Umwandlung eines Bauern wieder eine neue Dame (oder eine andere Figur) holen k\u00f6nnen und dann den Gegner mattsetzen k\u00f6nnen.<\/p>\n\n\n\n<h4 class=\"wp-block-heading\"><br>Jugendturniere und Meisterschaften<\/h4>\n\n\n\n<p>Neben dem Spa\u00df am Spielen f\u00f6rdern wir auch den Ehrgeiz zu gewinnen. So veranstalten wir vereinsintern jedes Jahr im Dezember ein Weihnachtsturnier f\u00fcr die Kinder und die Besten k\u00f6nnen dann im Fr\u00fchling bei der Klubmeisterschaft mitspielen, wo es eine eigene Jugendkategorie gibt.<\/p>\n\n\n\n<p>In Tirol sind die Jungendschachrallyes die Pl\u00e4tze, wo sich die Jugend mit Gleichaltrigen matchen k\u00f6nnen. Wir als Schachklub bieten die M\u00f6glichkeit mit einem Betreuer die Kinder auf diesen Turnieren zu begleiten. Ist der Ehrgeiz geweckt so haben die Kinder auch die Chance in einer unserer Gebietsklassenmannschaften mit den \u00e4lteren Klubmitgliedern gegen andere Tiroler Mannschaften&nbsp;zu spielen.<\/p>\n","protected":false},"excerpt":{"rendered":"<p>Beim Jugendtraining im Schachklub Sparkasse Jenbach lernen die Kinder und Jugendlichen wie man mit Spa\u00df und Erfolg das Spiel der K\u00f6nige spielt. Je nach Vorwissen werden zuerst die Regeln im Anf\u00e4ngertraining gezeigt oder wird schon direkt mit den Beginnertraining in die Tiefen des Schachspiels eingetaucht. Das Training wird von den beiden Trainern Michael Siding und [&hellip;]<\/p>\n","protected":false},"author":1,"featured_media":0,"parent":0,"menu_order":0,"comment_status":"closed","ping_status":"closed","template":"","meta":{"_eb_attr":""},"_links":{"self":[{"href":"https:\/\/schachklub-sparkasse-jenbach.at\/index.php\/wp-json\/wp\/v2\/pages\/48"}],"collection":[{"href":"https:\/\/schachklub-sparkasse-jenbach.at\/index.php\/wp-json\/wp\/v2\/pages"}],"about":[{"href":"https:\/\/schachklub-sparkasse-jenbach.at\/index.php\/wp-json\/wp\/v2\/types\/page"}],"author":[{"embeddable":true,"href":"https:\/\/schachklub-sparkasse-jenbach.at\/index.php\/wp-json\/wp\/v2\/users\/1"}],"replies":[{"embeddable":true,"href":"https:\/\/schachklub-sparkasse-jenbach.at\/index.php\/wp-json\/wp\/v2\/comments?post=48"}],"version-history":[{"count":4,"href":"https:\/\/schachklub-sparkasse-jenbach.at\/index.php\/wp-json\/wp\/v2\/pages\/48\/revisions"}],"predecessor-version":[{"id":295,"href":"https:\/\/schachklub-sparkasse-jenbach.at\/index.php\/wp-json\/wp\/v2\/pages\/48\/revisions\/295"}],"wp:attachment":[{"href":"https:\/\/schachklub-sparkasse-jenbach.at\/index.php\/wp-json\/wp\/v2\/media?parent=48"}],"curies":[{"name":"wp","href":"https:\/\/api.w.org\/{rel}","templated":true}]}}