{"id":465,"date":"2023-12-15T02:16:52","date_gmt":"2023-12-15T02:16:52","guid":{"rendered":"https:\/\/schachklub-sparkasse-jenbach.at\/?page_id=465"},"modified":"2024-04-02T18:04:01","modified_gmt":"2024-04-02T18:04:01","slug":"1-bundesliga-2","status":"publish","type":"page","link":"https:\/\/schachklub-sparkasse-jenbach.at\/index.php\/1-bundesliga-2\/","title":{"rendered":"1. Bundesliga"},"content":{"rendered":"\n<h3 class=\"wp-block-heading\">Jenbach beendet die Saison 23\/24 vom 20.- 24.03. <br>in St. Veit auf dem 2. Platz<\/h3>\n\n\n\n<p>Unsere Mannschaft gestaltete die 5 Runden \u00e4u\u00dferst erfolgreich. Alle 5 Begegnungen konnten deutlich gewonnen werden. Zum Meistertitel reichte es trotzdem nicht da auch ASV Linz alle Begegnungen gewann.<br>Wir traten in der Aufstellung Donchenko, Bl\u00fcbaum, Svane R., Svane F., Wagner und Buhmann an.<\/p>\n\n\n\n<div class=\"wp-block-columns is-layout-flex wp-container-3\">\n<div class=\"wp-block-column is-layout-flow\" style=\"flex-basis:66.66%\">\n<p><strong>7. Runde: Sparkasse Jenbach : Schachklub G\u00f6tzis 5\u00bd : \u00bd<br><\/strong>Ein eindeutiger Sieg, Bl\u00fcbaum remisierte alle anderen gewannen<br><br><strong>8. Runde: Schach ohne Grenzen : Sparkasse Jenbach 1 : 5<\/strong><br>Auch unsere Kufsteiner Freunde konnten uns nichts entgegensetzen. Bl\u00fcbaum und Svane R. remisierten, alle anderen gewannen<br><\/p>\n<\/div>\n\n\n\n<div class=\"wp-block-column is-layout-flow\" style=\"flex-basis:33.33%\">\n<figure class=\"wp-block-image size-full\"><img decoding=\"async\" loading=\"lazy\" width=\"300\" height=\"200\" src=\"https:\/\/schachklub-sparkasse-jenbach.at\/wp-content\/uploads\/2024\/04\/DSC02423.jpg\" alt=\"\" class=\"wp-image-510\"\/><\/figure>\n<\/div>\n<\/div>\n\n\n\n<div class=\"wp-block-columns is-layout-flex wp-container-6\">\n<div class=\"wp-block-column is-layout-flow\" style=\"flex-basis:33.33%\">\n<figure class=\"wp-block-image size-full\"><img decoding=\"async\" loading=\"lazy\" width=\"432\" height=\"274\" src=\"https:\/\/schachklub-sparkasse-jenbach.at\/wp-content\/uploads\/2024\/04\/JENBACH_VIZE.jpg\" alt=\"\" class=\"wp-image-511\" srcset=\"https:\/\/schachklub-sparkasse-jenbach.at\/wp-content\/uploads\/2024\/04\/JENBACH_VIZE.jpg 432w, https:\/\/schachklub-sparkasse-jenbach.at\/wp-content\/uploads\/2024\/04\/JENBACH_VIZE-300x190.jpg 300w\" sizes=\"(max-width: 432px) 100vw, 432px\" \/><\/figure>\n<\/div>\n\n\n\n<div class=\"wp-block-column is-layout-flow\" style=\"flex-basis:66.66%\">\n<p><strong>9. Runde: Sparkasse Jenbach : SC Maria Saal 5 \u00bd : \u00bd<\/strong><br>Fr\u00fcher war Maria Saal immer ein Konkurrent um den Titel. Dieses mal gab nur Svane R. ein remis ab alle anderen gewannen. <br><strong>10. Runde: Schachklub Sparkasse Jenbach: SG Mistelbach 4:2<\/strong><br>Svane R., und Svane F., gewannen nach langem Kampf alle anderen remisierten<br><strong>11. Runde: Pinggau-Friedberg : Schachklub Sparkasse Jenbach 2 : 4<\/strong><br>Und wieder gewannen Svane R. und Svane F. alle anderen remisierten.<\/p>\n<\/div>\n<\/div>\n\n\n\n<h3 class=\"wp-block-heading\">Bundesliga in F\u00fcrstenfeld vom 22.11. \u2013 26.11.<\/h3>\n\n\n\n<p><br>Unter schwierigen Voraussetzungen starteten wir in die neue Saison. Es musste nicht nur eine bei unseren Spielern unbeliebte Doppelrunde gespielt werden auch wurden erstmals 6 Runden hintereinander absolviert. Viele unserer Spieler hatten ein gewaltiges Programm zu bew\u00e4ltigen. Vom 25.10. \u2013 05.11. spielten Donchenko, Bl\u00fcbaum, Svane Rasmus und Frederik 11 Runden beim FIDE Grand Swiss auf der Isle of man. Dann ging es f\u00fcr die f\u00fcnf (Frederik war Sekundant) gleich weiter<br>nach Budva \u2013 Montenegro wo vom 11.11. \u2013 20.11. 9 Runden der Team EM gespielt wurde. Auch Dieter Nisipeanu spielte dort. Nach nur einem Tag Pause, die f\u00fcr die f\u00fcr die Anreise genutzt wurde und die sich aufgrund der Wetterverh\u00e4ltnisse sehr schwierig gestaltete, erreichten unsere Spieler um 22h30 F\u00fcrstenfeld. Am n\u00e4chsten Tag startete die Bundesliga um 14h<\/p>\n\n\n\n<div class=\"wp-block-columns is-layout-flex wp-container-9\">\n<div class=\"wp-block-column is-layout-flow\" style=\"flex-basis:66.66%\">\n<p><strong>1. Runde Sparkasse Jenbach : Mayrhofen\/Zell\/ Zillertal 4 : 2<\/strong><br>Ein Sieg mit zwei \u00fcberraschenden Ergebnissen. Svane R. verlor gegen Vogl., Acs remisierte gegen Schiestl. Nisipeanu remisierte ebefalls, Donchenko, Svane F. und Buhmann gewannen.<\/p>\n\n\n\n<p><strong>2. Runde: SV St. Veit : Sparkasse Jenbach 3 \u00bd : 2 \u00bd<\/strong><br>Ein knapper Sieg gegen einen starken Gegner. Svane F., und Peter Acs gewannen, Donchenko, Bl\u00fcbaum und Buhmann remisierten, Nisipeanu verlor. ASV Linz, der Favorit auf den Titel verlor in dieser Runde \u00fcberraschend gegen Fefferniz<\/p>\n<\/div>\n\n\n\n<div class=\"wp-block-column is-layout-flow\" style=\"flex-basis:33.33%\">\n<figure class=\"wp-block-image size-large\"><img decoding=\"async\" loading=\"lazy\" width=\"1024\" height=\"768\" src=\"https:\/\/schachklub-sparkasse-jenbach.at\/wp-content\/uploads\/2023\/12\/IMG_1255-1024x768.jpg\" alt=\"\" class=\"wp-image-471\" srcset=\"https:\/\/schachklub-sparkasse-jenbach.at\/wp-content\/uploads\/2023\/12\/IMG_1255-1024x768.jpg 1024w, https:\/\/schachklub-sparkasse-jenbach.at\/wp-content\/uploads\/2023\/12\/IMG_1255-300x225.jpg 300w, https:\/\/schachklub-sparkasse-jenbach.at\/wp-content\/uploads\/2023\/12\/IMG_1255-768x576.jpg 768w, https:\/\/schachklub-sparkasse-jenbach.at\/wp-content\/uploads\/2023\/12\/IMG_1255-1536x1152.jpg 1536w, https:\/\/schachklub-sparkasse-jenbach.at\/wp-content\/uploads\/2023\/12\/IMG_1255-2048x1536.jpg 2048w\" sizes=\"(max-width: 1024px) 100vw, 1024px\" \/><\/figure>\n<\/div>\n<\/div>\n\n\n\n<div class=\"wp-block-columns is-layout-flex wp-container-12\">\n<div class=\"wp-block-column is-layout-flow\" style=\"flex-basis:33.33%\">\n<figure class=\"wp-block-image size-large\"><img decoding=\"async\" loading=\"lazy\" width=\"1024\" height=\"768\" src=\"https:\/\/schachklub-sparkasse-jenbach.at\/wp-content\/uploads\/2023\/12\/IMG_1285-1024x768.jpg\" alt=\"\" class=\"wp-image-470\" srcset=\"https:\/\/schachklub-sparkasse-jenbach.at\/wp-content\/uploads\/2023\/12\/IMG_1285-1024x768.jpg 1024w, https:\/\/schachklub-sparkasse-jenbach.at\/wp-content\/uploads\/2023\/12\/IMG_1285-300x225.jpg 300w, https:\/\/schachklub-sparkasse-jenbach.at\/wp-content\/uploads\/2023\/12\/IMG_1285-768x576.jpg 768w, https:\/\/schachklub-sparkasse-jenbach.at\/wp-content\/uploads\/2023\/12\/IMG_1285-1536x1152.jpg 1536w, https:\/\/schachklub-sparkasse-jenbach.at\/wp-content\/uploads\/2023\/12\/IMG_1285-2048x1536.jpg 2048w\" sizes=\"(max-width: 1024px) 100vw, 1024px\" \/><\/figure>\n<\/div>\n\n\n\n<div class=\"wp-block-column is-layout-flow\" style=\"flex-basis:66.66%\">\n<p><strong>3. Runde: Sparkasse Jenbach: F\u00fcrstenfeld 3 \u00bd : 2 \u00bd<\/strong><br>Wieder ein starker Gegner, wieder ein knapper Sieg. Bl\u00fcbaum gewann alle anderen remisierten.<\/p>\n\n\n\n<p><strong>4. Runde: Ottakring : Sparkasse Jenbach 3 : 3<\/strong><br>Dieses mal reichte es nur zu einem unentschieden.. \u00dcberraschend war die Niederlage von Svane F. gegen Blohberger und das remis von Acs gegen Huber. Nisipeanu gewann die anderen remisierten.<\/p>\n<\/div>\n<\/div>\n\n\n\n<p><strong>5. Runde: Sparkasse Jenbach : ASV Linz 2 : 4<\/strong><br>Leider waren wir diese mal gegen die favorisierten Linzer chancenlos obwohl Svane F. gegen Maghsoodloo gewann. Dieser w\u00e4re mit einem Sieg unter die ersten zehn der Weltrangliste gekommen. Bl\u00fcbaum und Svane R. remisierten, Donchenko, Nisipeanu und Buhmann verloren.<br><\/p>\n\n\n\n<div class=\"wp-block-columns is-layout-flex wp-container-15\">\n<div class=\"wp-block-column is-layout-flow\" style=\"flex-basis:66.66%\">\n<p><strong>6. Runde: Fefferniz : Sparkasse Jenbach 2 : 4<\/strong><br>Ein klarer Sieg gegen den bisherigen Tabellenf\u00fchrer. Donchenko und Bl\u00fcbaum remisierten gegen die zwei bis dahin \u00fcberragend spielenden Inder Ghosh und Karthik, Svane R. und Nisipeanu remisierten ebenfalls, Acs und Svane F. gewannen. Hervorheben m\u00f6chte ich unseren j\u00fcngsten Spieler Svane Frederik der mit 4 \u00bd aus 6 das beste Ergebnis erspielte. Wir haben zwar gegen die nominell besten Mannschaften gespielt und nur einen Punkt R\u00fcckstand auf den Tabellenf\u00fchrer aber es wird trotzdem sehr schwer den Titel zu erringen. Die f\u00fchrenden Linzer haben eine extrem starke Mannschaft und<br>eine wesentlich bessere Zweiwertung als wir. Der 2. Platz sollte m\u00f6glich sein.<\/p>\n<\/div>\n\n\n\n<div class=\"wp-block-column is-layout-flow\" style=\"flex-basis:33.33%\">\n<figure class=\"wp-block-image size-large is-resized\"><img decoding=\"async\" loading=\"lazy\" src=\"https:\/\/schachklub-sparkasse-jenbach.at\/wp-content\/uploads\/2023\/12\/IMG_1289-1024x768.jpg\" alt=\"\" class=\"wp-image-469\" width=\"381\" height=\"285\" srcset=\"https:\/\/schachklub-sparkasse-jenbach.at\/wp-content\/uploads\/2023\/12\/IMG_1289-1024x768.jpg 1024w, https:\/\/schachklub-sparkasse-jenbach.at\/wp-content\/uploads\/2023\/12\/IMG_1289-300x225.jpg 300w, https:\/\/schachklub-sparkasse-jenbach.at\/wp-content\/uploads\/2023\/12\/IMG_1289-768x576.jpg 768w, https:\/\/schachklub-sparkasse-jenbach.at\/wp-content\/uploads\/2023\/12\/IMG_1289-1536x1152.jpg 1536w, https:\/\/schachklub-sparkasse-jenbach.at\/wp-content\/uploads\/2023\/12\/IMG_1289-2048x1536.jpg 2048w\" sizes=\"(max-width: 381px) 100vw, 381px\" \/><\/figure>\n<\/div>\n<\/div>\n","protected":false},"excerpt":{"rendered":"<p>Jenbach beendet die Saison 23\/24 vom 20.- 24.03. in St. Veit auf dem 2. Platz Unsere Mannschaft gestaltete die 5 Runden \u00e4u\u00dferst erfolgreich. Alle 5 Begegnungen konnten deutlich gewonnen werden. Zum Meistertitel reichte es trotzdem nicht da auch ASV Linz alle Begegnungen gewann.Wir traten in der Aufstellung Donchenko, Bl\u00fcbaum, Svane R., Svane F., Wagner und [&hellip;]<\/p>\n","protected":false},"author":1,"featured_media":0,"parent":0,"menu_order":0,"comment_status":"closed","ping_status":"closed","template":"","meta":{"_eb_attr":""},"_links":{"self":[{"href":"https:\/\/schachklub-sparkasse-jenbach.at\/index.php\/wp-json\/wp\/v2\/pages\/465"}],"collection":[{"href":"https:\/\/schachklub-sparkasse-jenbach.at\/index.php\/wp-json\/wp\/v2\/pages"}],"about":[{"href":"https:\/\/schachklub-sparkasse-jenbach.at\/index.php\/wp-json\/wp\/v2\/types\/page"}],"author":[{"embeddable":true,"href":"https:\/\/schachklub-sparkasse-jenbach.at\/index.php\/wp-json\/wp\/v2\/users\/1"}],"replies":[{"embeddable":true,"href":"https:\/\/schachklub-sparkasse-jenbach.at\/index.php\/wp-json\/wp\/v2\/comments?post=465"}],"version-history":[{"count":3,"href":"https:\/\/schachklub-sparkasse-jenbach.at\/index.php\/wp-json\/wp\/v2\/pages\/465\/revisions"}],"predecessor-version":[{"id":512,"href":"https:\/\/schachklub-sparkasse-jenbach.at\/index.php\/wp-json\/wp\/v2\/pages\/465\/revisions\/512"}],"wp:attachment":[{"href":"https:\/\/schachklub-sparkasse-jenbach.at\/index.php\/wp-json\/wp\/v2\/media?parent=465"}],"curies":[{"name":"wp","href":"https:\/\/api.w.org\/{rel}","templated":true}]}}