{"id":450,"date":"2023-11-24T12:02:34","date_gmt":"2023-11-24T12:02:34","guid":{"rendered":"https:\/\/schachklub-sparkasse-jenbach.at\/?page_id=450"},"modified":"2026-03-22T21:31:54","modified_gmt":"2026-03-22T21:31:54","slug":"2-bundesliga-23-24","status":"publish","type":"page","link":"https:\/\/schachklub-sparkasse-jenbach.at\/index.php\/2-bundesliga-23-24\/","title":{"rendered":"2.Bundesliga"},"content":{"rendered":"\n<h4 class=\"wp-block-heading\"><strong>2. Bundesliga vom 13.03. \u2013 15.03.2026 in Hohenems<\/strong><\/h4>\n\n\n\n<div class=\"wp-block-columns is-layout-flex wp-container-5\">\n<div class=\"wp-block-column is-layout-flow\" style=\"flex-basis:33.33%\">\n<figure class=\"wp-block-gallery has-nested-images columns-default is-cropped wp-block-gallery-1 is-layout-flex\">\n<figure class=\"wp-block-image size-large\"><img decoding=\"async\" loading=\"lazy\" width=\"1024\" height=\"768\" src=\"https:\/\/schachklub-sparkasse-jenbach.at\/wp-content\/uploads\/2026\/03\/IMG_1515-1-1024x768.jpg\" alt=\"\" class=\"wp-image-748\" srcset=\"https:\/\/schachklub-sparkasse-jenbach.at\/wp-content\/uploads\/2026\/03\/IMG_1515-1-1024x768.jpg 1024w, https:\/\/schachklub-sparkasse-jenbach.at\/wp-content\/uploads\/2026\/03\/IMG_1515-1-300x225.jpg 300w, https:\/\/schachklub-sparkasse-jenbach.at\/wp-content\/uploads\/2026\/03\/IMG_1515-1-768x576.jpg 768w, https:\/\/schachklub-sparkasse-jenbach.at\/wp-content\/uploads\/2026\/03\/IMG_1515-1-1536x1152.jpg 1536w, https:\/\/schachklub-sparkasse-jenbach.at\/wp-content\/uploads\/2026\/03\/IMG_1515-1-2048x1536.jpg 2048w\" sizes=\"(max-width: 1024px) 100vw, 1024px\" \/><\/figure>\n<\/figure>\n<\/div>\n\n\n\n<div class=\"wp-block-column is-layout-flow\" style=\"flex-basis:66.66%\">\n<p>Mit zwei Siegen und einem Unentschieden eigentlich ein erfolgreiches<br>Wochenende. Das Saisonziel 2. Platz haben wir trotzdem knapp verfehlt. Ein<br>durchaus m\u00f6glicher Sieg gegen Dornbirn h\u00e4tte uns auf den 2 Platz gebracht.<br>Dabei hat es durchaus gut ausgesehen. Wir f\u00fchrten bereits 3 : 1. Auf Brett 5<br>und 6 waren Remis gut m\u00f6glich. Leider verloren beide Partien. So landeten wir auf dem immer noch guten 4. Platz und k\u00f6nnen mit der Saison zufrieden sein.<br>Besonders hervorheben muss man an diesem Wochenende IM Reich. Er<br>gewann alle drei Partien.<br>Wir spielten in der Aufstellung: Schlosser, Fedorovsky, Lerch, Reich, H\u00f6llrigl und<br>Spierings.<\/p>\n<\/div>\n<\/div>\n\n\n\n<div class=\"wp-block-columns is-layout-flex wp-container-8\">\n<div class=\"wp-block-column is-layout-flow\" style=\"flex-basis:66.66%\">\n<p><strong>SK Hohenems: Sparkasse Jenbach 2 \u00bd : 3 \u00bd<\/strong><br>Eine spannende Begegnung die zu unseren Gunsten beendet werden konnte.<br>Lerch und Reich gewannen, Schlosser, Fedorovsky und Spierings remisierten,<br>H\u00f6llrigl verlor.<\/p>\n\n\n\n<p><br><strong>SK Dornbirn: Sparkasse Jenbach 3 : 3<\/strong><br>Wir waren in dieser Begegnung Favoriten. Leider reichte es knapp nicht zum<br>Sieg. Damit war der 2. Platz nicht mehr erreichbar. Schlosser und Reich<br>gewannen, Fedorovsky und Lerch remisierten, H\u00f6llrigl und Spierings verloren.<\/p>\n\n\n\n<p><br><strong>Sparkasse Jenbach :G\u00f6tzis 3 \u00bd : 2 \u00bd<\/strong><br>Ein etwas gl\u00fccklicher Sieg. Dem Gegner von Lerch fiel in besserer Stellung die<br>Klappe. Lerch und Reich gewannen, Schlosser, Fedorovsky und H\u00f6llrigl<br>remisierten, Spierings verlor.<\/p>\n\n\n\n<p><\/p>\n<\/div>\n\n\n\n<div class=\"wp-block-column is-layout-flow\" style=\"flex-basis:33.33%\">\n<figure class=\"wp-block-image size-large\"><img decoding=\"async\" loading=\"lazy\" width=\"1024\" height=\"768\" src=\"https:\/\/schachklub-sparkasse-jenbach.at\/wp-content\/uploads\/2026\/03\/IMG_1504-2-1024x768.jpg\" alt=\"\" class=\"wp-image-749\" srcset=\"https:\/\/schachklub-sparkasse-jenbach.at\/wp-content\/uploads\/2026\/03\/IMG_1504-2-1024x768.jpg 1024w, https:\/\/schachklub-sparkasse-jenbach.at\/wp-content\/uploads\/2026\/03\/IMG_1504-2-300x225.jpg 300w, https:\/\/schachklub-sparkasse-jenbach.at\/wp-content\/uploads\/2026\/03\/IMG_1504-2-768x576.jpg 768w, https:\/\/schachklub-sparkasse-jenbach.at\/wp-content\/uploads\/2026\/03\/IMG_1504-2-1536x1152.jpg 1536w, https:\/\/schachklub-sparkasse-jenbach.at\/wp-content\/uploads\/2026\/03\/IMG_1504-2-2048x1536.jpg 2048w\" sizes=\"(max-width: 1024px) 100vw, 1024px\" \/><\/figure>\n<\/div>\n<\/div>\n\n\n\n<h4 class=\"wp-block-heading\"><strong>2.Bundesliga vom 23.01. \u2013 25.01.2026 in Kufstein<\/strong><\/h4>\n\n\n\n<p>In diesen drei Runden hatten wir die Hoffnung mit 3 Siegen ganz vorne mitzuspielen. Durch eine knappe und etwas ungl\u00fcckliche Niederlage gegen extrem stark aufgestellte Schwarzacher wurde dieser Plan vereitelt. Da dieser Niederlage zwei klare Siege gegen Sonnenberg und ASK Salzburg folgten, konnten wir uns vorl\u00e4ufig auf den 4. Platz vorschieben. Hohenems am 3. Platz ist punktegleich mit uns, hatte aber eine Begegnung mehr. Schwaz hat als Zweitplatzierter einen Punkt Vorsprung. Absam f\u00fchrt die Tabelle mit 5 Punkten Vorsprung, bei einem Spiel mehr, an. Der Meistertitel wird f\u00fcr uns sehr schwer erreichbar sein. Zweiter oder Dritter zu werden w\u00e4re der realistische Plan f\u00fcr die letzten 3 Runden in Hohenems.<\/p>\n\n\n\n<div class=\"wp-block-columns is-layout-flex wp-container-11\">\n<div class=\"wp-block-column is-layout-flow\" style=\"flex-basis:33.33%\">\n<figure class=\"wp-block-image size-large\"><img decoding=\"async\" loading=\"lazy\" width=\"1024\" height=\"768\" src=\"https:\/\/schachklub-sparkasse-jenbach.at\/wp-content\/uploads\/2026\/01\/IMG_1476-1024x768.jpg\" alt=\"\" class=\"wp-image-649\" srcset=\"https:\/\/schachklub-sparkasse-jenbach.at\/wp-content\/uploads\/2026\/01\/IMG_1476-1024x768.jpg 1024w, https:\/\/schachklub-sparkasse-jenbach.at\/wp-content\/uploads\/2026\/01\/IMG_1476-300x225.jpg 300w, https:\/\/schachklub-sparkasse-jenbach.at\/wp-content\/uploads\/2026\/01\/IMG_1476-768x576.jpg 768w, https:\/\/schachklub-sparkasse-jenbach.at\/wp-content\/uploads\/2026\/01\/IMG_1476-1536x1152.jpg 1536w, https:\/\/schachklub-sparkasse-jenbach.at\/wp-content\/uploads\/2026\/01\/IMG_1476-2048x1536.jpg 2048w\" sizes=\"(max-width: 1024px) 100vw, 1024px\" \/><\/figure>\n<\/div>\n\n\n\n<div class=\"wp-block-column is-layout-flow\" style=\"flex-basis:66.66%\">\n<p>Wir spielten in der Aufstellung: Schlosser, Fedorovsky, Lerch, Reich, Unzicker<br>und H\u00f6llrigl. Am Sonntag war Lerch verhindert, Widner ersetzte ihn.<\/p>\n\n\n\n<p><br><strong>SK Schwarzach : Sparkasse Jenbach 3 \u00bd: 2 \u00bd<\/strong><br>Unzicker gewann Schlosser, Fedorovsky und Reich remisierten, Lerch und<br>H\u00f6llrigl verloren. Diese Begegnung war von einem st\u00e4ndigem auf und ab<br>gepr\u00e4gt. Unzicker gewann durch einen Fehler des Gegners eine klar verlorene<br>Partie, Lerch verlor eine Remispartie.<\/p>\n<\/div>\n<\/div>\n\n\n\n<div class=\"wp-block-columns is-layout-flex wp-container-16\">\n<div class=\"wp-block-column is-layout-flow\" style=\"flex-basis:66.66%\">\n<p><\/p>\n\n\n\n<p><strong>Sparkasse Jenbach : Sonnenberg 5:1<\/strong><br>Schlosser, Fedorovsky, Lerch und Unzicker gewannen Reich und H\u00f6llrigl<br>remisierten.<\/p>\n\n\n\n<p><br><strong>Sparkasse Jenbach : ASK Salzburg 4 \u00bd : 1 \u00bd<\/strong><br>Ein klarer Sieg. Schlosser, Fedorovsky und H\u00f6llrigl gewannen. Reich, Unzicker<br>und Widner remisierten.<\/p>\n<\/div>\n\n\n\n<div class=\"wp-block-column is-layout-flow\" style=\"flex-basis:33.33%\">\n<figure class=\"wp-block-gallery has-nested-images columns-default is-cropped wp-block-gallery-13 is-layout-flex\">\n<figure class=\"wp-block-image size-large\"><img decoding=\"async\" loading=\"lazy\" width=\"1024\" height=\"768\" src=\"https:\/\/schachklub-sparkasse-jenbach.at\/wp-content\/uploads\/2026\/01\/IMG_1496-1024x768.jpg\" alt=\"\" class=\"wp-image-651\" srcset=\"https:\/\/schachklub-sparkasse-jenbach.at\/wp-content\/uploads\/2026\/01\/IMG_1496-1024x768.jpg 1024w, https:\/\/schachklub-sparkasse-jenbach.at\/wp-content\/uploads\/2026\/01\/IMG_1496-300x225.jpg 300w, https:\/\/schachklub-sparkasse-jenbach.at\/wp-content\/uploads\/2026\/01\/IMG_1496-768x576.jpg 768w, https:\/\/schachklub-sparkasse-jenbach.at\/wp-content\/uploads\/2026\/01\/IMG_1496-1536x1152.jpg 1536w, https:\/\/schachklub-sparkasse-jenbach.at\/wp-content\/uploads\/2026\/01\/IMG_1496-2048x1536.jpg 2048w\" sizes=\"(max-width: 1024px) 100vw, 1024px\" \/><\/figure>\n<\/figure>\n<\/div>\n<\/div>\n\n\n\n<figure class=\"wp-block-image size-large\"><img decoding=\"async\" loading=\"lazy\" width=\"1024\" height=\"768\" src=\"https:\/\/schachklub-sparkasse-jenbach.at\/wp-content\/uploads\/2026\/01\/IMG_1495-1024x768.jpg\" alt=\"\" class=\"wp-image-650\" srcset=\"https:\/\/schachklub-sparkasse-jenbach.at\/wp-content\/uploads\/2026\/01\/IMG_1495-1024x768.jpg 1024w, https:\/\/schachklub-sparkasse-jenbach.at\/wp-content\/uploads\/2026\/01\/IMG_1495-300x225.jpg 300w, https:\/\/schachklub-sparkasse-jenbach.at\/wp-content\/uploads\/2026\/01\/IMG_1495-768x576.jpg 768w, https:\/\/schachklub-sparkasse-jenbach.at\/wp-content\/uploads\/2026\/01\/IMG_1495-1536x1152.jpg 1536w, https:\/\/schachklub-sparkasse-jenbach.at\/wp-content\/uploads\/2026\/01\/IMG_1495-2048x1536.jpg 2048w\" sizes=\"(max-width: 1024px) 100vw, 1024px\" \/><\/figure>\n\n\n\n<p><\/p>\n\n\n\n<h4 class=\"wp-block-heading\"><strong>2.Bundesliga vom 10.10. \u2013 12.10.2025 in Absam<\/strong><\/h4>\n\n\n\n<div class=\"wp-block-columns are-vertically-aligned-center is-layout-flex wp-container-19\">\n<div class=\"wp-block-column is-vertically-aligned-center is-layout-flow\" style=\"flex-basis:33.33%\">\n<figure class=\"wp-block-image size-large\"><img decoding=\"async\" loading=\"lazy\" width=\"1024\" height=\"768\" src=\"https:\/\/schachklub-sparkasse-jenbach.at\/wp-content\/uploads\/2025\/12\/IMG_1462-1024x768.jpg\" alt=\"\" class=\"wp-image-633\" srcset=\"https:\/\/schachklub-sparkasse-jenbach.at\/wp-content\/uploads\/2025\/12\/IMG_1462-1024x768.jpg 1024w, https:\/\/schachklub-sparkasse-jenbach.at\/wp-content\/uploads\/2025\/12\/IMG_1462-300x225.jpg 300w, https:\/\/schachklub-sparkasse-jenbach.at\/wp-content\/uploads\/2025\/12\/IMG_1462-768x576.jpg 768w, https:\/\/schachklub-sparkasse-jenbach.at\/wp-content\/uploads\/2025\/12\/IMG_1462-1536x1152.jpg 1536w, https:\/\/schachklub-sparkasse-jenbach.at\/wp-content\/uploads\/2025\/12\/IMG_1462-2048x1536.jpg 2048w\" sizes=\"(max-width: 1024px) 100vw, 1024px\" \/><\/figure>\n<\/div>\n\n\n\n<div class=\"wp-block-column is-vertically-aligned-center is-layout-flow\" style=\"flex-basis:66.66%\">\n<p>Die Auftaktrunden in Tirol bringen traditionell die st\u00e4rksten Gegner der Saison<br>innerhalb von 3 Tagen. Ausgang ist immer ungewiss.<\/p>\n\n\n\n<p><br>Wir spielten in der Aufstellung: Schlosser, Fedorovsky, Lerch, Reich, Moroder<br>und H\u00f6llrigl. Eine starke Aufstellung, trotzdem gab es H\u00f6hen und Tiefen.<\/p>\n<\/div>\n<\/div>\n\n\n\n<div class=\"wp-block-columns is-layout-flex wp-container-22\">\n<div class=\"wp-block-column is-layout-flow\" style=\"flex-basis:66.66%\">\n<p><strong>Absam :Sparkasse Jenbach 4 \u00bd: 2 \u00bd<\/strong><br>Dieses mal waren wir chancenlos. Fedorovsky, Reich und H\u00f6llrigl remisierte,<br>Schlosser, Lerch und Moroder verloren.<\/p>\n\n\n\n<p><br><strong>Sparkasse Jenbach : Kufstein\/W\u00f6rgl 3:3<\/strong><br>Ein hart umk\u00e4mpftes Match dessen Ausgang lange ungewiss war. Schlosser<br>gewann, Reich verlor die anderen remisierten<\/p>\n<\/div>\n\n\n\n<div class=\"wp-block-column is-vertically-aligned-center is-layout-flow\" style=\"flex-basis:33.33%\">\n<figure class=\"wp-block-image size-large\"><img decoding=\"async\" loading=\"lazy\" width=\"1024\" height=\"768\" src=\"https:\/\/schachklub-sparkasse-jenbach.at\/wp-content\/uploads\/2025\/12\/IMG_1464-1024x768.jpg\" alt=\"\" class=\"wp-image-634\" srcset=\"https:\/\/schachklub-sparkasse-jenbach.at\/wp-content\/uploads\/2025\/12\/IMG_1464-1024x768.jpg 1024w, https:\/\/schachklub-sparkasse-jenbach.at\/wp-content\/uploads\/2025\/12\/IMG_1464-300x225.jpg 300w, https:\/\/schachklub-sparkasse-jenbach.at\/wp-content\/uploads\/2025\/12\/IMG_1464-768x576.jpg 768w, https:\/\/schachklub-sparkasse-jenbach.at\/wp-content\/uploads\/2025\/12\/IMG_1464-1536x1152.jpg 1536w, https:\/\/schachklub-sparkasse-jenbach.at\/wp-content\/uploads\/2025\/12\/IMG_1464-2048x1536.jpg 2048w\" sizes=\"(max-width: 1024px) 100vw, 1024px\" \/><\/figure>\n<\/div>\n<\/div>\n\n\n\n<p><strong>Schwaz :Sparkasse Jenbach  5:1<\/strong><br>Ein \u00fcberzeugender und \u00fcberraschend hoher Sieg. Die Schwazer hatten immerhin gegen Absam und Kufstein gewonnen. Daran sieht man dass die Tiroler Mannschaften zimlich gleich stark sind und jeder Ausgang m\u00f6glich ist.<br>Schlosser und Lerch remisierten alle anderen gewannen. Wir erhoffen uns trotz des etwas holperigen Starts einen Platz unter den ersten drei in der 2. Bundesliga<\/p>\n\n\n\n<h4 class=\"wp-block-heading\"><strong>2.Bundesliga vom 22.11. \u201323.11.2025 in Salzburg<\/strong><\/h4>\n\n\n\n<div class=\"wp-block-columns are-vertically-aligned-center is-layout-flex wp-container-25\">\n<div class=\"wp-block-column is-vertically-aligned-center is-layout-flow\" style=\"flex-basis:33.33%\">\n<figure class=\"wp-block-image size-large\"><img decoding=\"async\" loading=\"lazy\" width=\"1024\" height=\"768\" src=\"https:\/\/schachklub-sparkasse-jenbach.at\/wp-content\/uploads\/2025\/12\/IMG_1470-1024x768.jpg\" alt=\"\" class=\"wp-image-635\" srcset=\"https:\/\/schachklub-sparkasse-jenbach.at\/wp-content\/uploads\/2025\/12\/IMG_1470-1024x768.jpg 1024w, https:\/\/schachklub-sparkasse-jenbach.at\/wp-content\/uploads\/2025\/12\/IMG_1470-300x225.jpg 300w, https:\/\/schachklub-sparkasse-jenbach.at\/wp-content\/uploads\/2025\/12\/IMG_1470-768x576.jpg 768w, https:\/\/schachklub-sparkasse-jenbach.at\/wp-content\/uploads\/2025\/12\/IMG_1470-1536x1152.jpg 1536w, https:\/\/schachklub-sparkasse-jenbach.at\/wp-content\/uploads\/2025\/12\/IMG_1470-2048x1536.jpg 2048w\" sizes=\"(max-width: 1024px) 100vw, 1024px\" \/><\/figure>\n<\/div>\n\n\n\n<div class=\"wp-block-column is-vertically-aligned-center is-layout-flow\" style=\"flex-basis:66.66%\">\n<p>An diesem Wochenende hatten wir nur eine Begegnung<\/p>\n\n\n\n<p><br><strong>Sparkasse Jenbach : Ranshofen 4:2<\/strong><br>Ein sicherer Sieg, Schlosser, Fedorovsky, Lerch und H\u00f6llrigl gewannen.<br>Etwas \u00fcberraschend die Niederlagen von Reich und Moroder<\/p>\n<\/div>\n<\/div>\n\n\n\n<div class=\"wp-block-columns are-vertically-aligned-center is-layout-flex wp-container-28\">\n<div class=\"wp-block-column is-vertically-aligned-center is-layout-flow\" style=\"flex-basis:66.66%\">\n<p><strong>Sparkasse Jenbach: Spielfrei<\/strong><br>Bisher verlief die Saison nicht optimal aber zufriedenstellend.<\/p>\n\n\n\n<p><br>Da wir eine Begegnung weniger haben stehen wir in der Tabelle nur auf einem<br>Mittelfeldplatz. Vom 23.01. \u2013 25.01.26 in Kufstein k\u00f6nnten wir mit drei Siegen<br>ganz vorne mitspielen.<\/p>\n<\/div>\n\n\n\n<div class=\"wp-block-column is-vertically-aligned-center is-layout-flow\" style=\"flex-basis:33.33%\">\n<figure class=\"wp-block-image size-large\"><img decoding=\"async\" loading=\"lazy\" width=\"1024\" height=\"768\" src=\"https:\/\/schachklub-sparkasse-jenbach.at\/wp-content\/uploads\/2025\/12\/IMG_1473-1024x768.jpg\" alt=\"\" class=\"wp-image-636\" srcset=\"https:\/\/schachklub-sparkasse-jenbach.at\/wp-content\/uploads\/2025\/12\/IMG_1473-1024x768.jpg 1024w, https:\/\/schachklub-sparkasse-jenbach.at\/wp-content\/uploads\/2025\/12\/IMG_1473-300x225.jpg 300w, https:\/\/schachklub-sparkasse-jenbach.at\/wp-content\/uploads\/2025\/12\/IMG_1473-768x576.jpg 768w, https:\/\/schachklub-sparkasse-jenbach.at\/wp-content\/uploads\/2025\/12\/IMG_1473-1536x1152.jpg 1536w, https:\/\/schachklub-sparkasse-jenbach.at\/wp-content\/uploads\/2025\/12\/IMG_1473-2048x1536.jpg 2048w\" sizes=\"(max-width: 1024px) 100vw, 1024px\" \/><\/figure>\n<\/div>\n<\/div>\n","protected":false},"excerpt":{"rendered":"<p>2. Bundesliga vom 13.03. \u2013 15.03.2026 in Hohenems Mit zwei Siegen und einem Unentschieden eigentlich ein erfolgreichesWochenende. Das Saisonziel 2. Platz haben wir trotzdem knapp verfehlt. Eindurchaus m\u00f6glicher Sieg gegen Dornbirn h\u00e4tte uns auf den 2 Platz gebracht.Dabei hat es durchaus gut ausgesehen. Wir f\u00fchrten bereits 3 : 1. Auf Brett 5und 6 waren Remis [&hellip;]<\/p>\n","protected":false},"author":1,"featured_media":0,"parent":0,"menu_order":0,"comment_status":"closed","ping_status":"closed","template":"","meta":{"_eb_attr":""},"_links":{"self":[{"href":"https:\/\/schachklub-sparkasse-jenbach.at\/index.php\/wp-json\/wp\/v2\/pages\/450"}],"collection":[{"href":"https:\/\/schachklub-sparkasse-jenbach.at\/index.php\/wp-json\/wp\/v2\/pages"}],"about":[{"href":"https:\/\/schachklub-sparkasse-jenbach.at\/index.php\/wp-json\/wp\/v2\/types\/page"}],"author":[{"embeddable":true,"href":"https:\/\/schachklub-sparkasse-jenbach.at\/index.php\/wp-json\/wp\/v2\/users\/1"}],"replies":[{"embeddable":true,"href":"https:\/\/schachklub-sparkasse-jenbach.at\/index.php\/wp-json\/wp\/v2\/comments?post=450"}],"version-history":[{"count":17,"href":"https:\/\/schachklub-sparkasse-jenbach.at\/index.php\/wp-json\/wp\/v2\/pages\/450\/revisions"}],"predecessor-version":[{"id":759,"href":"https:\/\/schachklub-sparkasse-jenbach.at\/index.php\/wp-json\/wp\/v2\/pages\/450\/revisions\/759"}],"wp:attachment":[{"href":"https:\/\/schachklub-sparkasse-jenbach.at\/index.php\/wp-json\/wp\/v2\/media?parent=450"}],"curies":[{"name":"wp","href":"https:\/\/api.w.org\/{rel}","templated":true}]}}