{"id":383,"date":"2023-04-16T14:05:50","date_gmt":"2023-04-16T14:05:50","guid":{"rendered":"https:\/\/schachklub-sparkasse-jenbach.at\/?page_id=383"},"modified":"2023-04-16T14:05:51","modified_gmt":"2023-04-16T14:05:51","slug":"unsre-jugendtrainer","status":"publish","type":"page","link":"https:\/\/schachklub-sparkasse-jenbach.at\/index.php\/unsre-jugendtrainer\/","title":{"rendered":"Unsre Jugendtrainer"},"content":{"rendered":"\n<figure class=\"wp-block-image size-large\"><img decoding=\"async\" loading=\"lazy\" width=\"1024\" height=\"859\" src=\"https:\/\/schachklub-sparkasse-jenbach.at\/wp-content\/uploads\/2023\/04\/IMG_6467-1024x859.jpg\" alt=\"\" class=\"wp-image-384\" srcset=\"https:\/\/schachklub-sparkasse-jenbach.at\/wp-content\/uploads\/2023\/04\/IMG_6467-1024x859.jpg 1024w, https:\/\/schachklub-sparkasse-jenbach.at\/wp-content\/uploads\/2023\/04\/IMG_6467-300x252.jpg 300w, https:\/\/schachklub-sparkasse-jenbach.at\/wp-content\/uploads\/2023\/04\/IMG_6467-768x644.jpg 768w, https:\/\/schachklub-sparkasse-jenbach.at\/wp-content\/uploads\/2023\/04\/IMG_6467-1536x1289.jpg 1536w, https:\/\/schachklub-sparkasse-jenbach.at\/wp-content\/uploads\/2023\/04\/IMG_6467-2048x1718.jpg 2048w\" sizes=\"(max-width: 1024px) 100vw, 1024px\" \/><\/figure>\n\n\n\n<p>Vor etwa zwanzig Jahren haben Michael Siding und Benjamin Spierings in unserem Jugendtraining ihre Schachlaufbahnen begonnen und sind zu wichtigen Stammspieler von der Gebietsklasse bis hin zur Landesliga herangereift. Jetzt \u00fcbernehmen sie die Z\u00fcgel in unserem Jugendtraining, um neue Talente heranzuwachsen und den Kinder Spa\u00df am Schachspielen zu vermitteln.<\/p>\n\n\n\n<p>Michael Siding, BEd<\/p>\n\n\n\n<p>ist als Jugendreferent der Hauptverantwortliche f\u00fcr unsere Jugend im Verein. Kennen die Kinder die Regeln, so liegt es an ihm den Kinder zu zeigen, wie man eine Schachpartie gewinnt und dabei auch Spa\u00df hat. Neben der \u00dcbungsleiter-Trainerausbildung besitzt Michael durch seine T\u00e4tigkeit als Mathematik- und Physiklehrer das p\u00e4dagogische Knowhow, um gr\u00f6\u00dfere Gruppen von Kinder und Jugendlichen effektiv zu trainieren, auch ohne Schularbeiten und Pr\u00fcfungen.<\/p>\n\n\n\n<p>Benjamin Spierings<\/p>\n\n\n\n<p>betreut unsere Anf\u00e4ngergruppe. Seine Aufgabe ist es Fragen wie \u201eWie ziehen die Figuren?\u201c oder \u201eWie schlagen die Figuren?\u201c zu beantworten und den Kindern mit Spa\u00df und Freude die Regeln des Schachspiels n\u00e4her zu bringen. Mit spa\u00dfigen Aufgaben und Challenges f\u00fchrt er die Kinder zum Lernerfolg und sorgt f\u00fcr eine gute Grundlage f\u00fcr sp\u00e4teres Training.<\/p>\n\n\n\n<p><\/p>\n","protected":false},"excerpt":{"rendered":"<p>Vor etwa zwanzig Jahren haben Michael Siding und Benjamin Spierings in unserem Jugendtraining ihre Schachlaufbahnen begonnen und sind zu wichtigen Stammspieler von der Gebietsklasse bis hin zur Landesliga herangereift. Jetzt \u00fcbernehmen sie die Z\u00fcgel in unserem Jugendtraining, um neue Talente heranzuwachsen und den Kinder Spa\u00df am Schachspielen zu vermitteln. Michael Siding, BEd ist als Jugendreferent [&hellip;]<\/p>\n","protected":false},"author":1,"featured_media":0,"parent":0,"menu_order":0,"comment_status":"closed","ping_status":"closed","template":"","meta":{"_eb_attr":""},"_links":{"self":[{"href":"https:\/\/schachklub-sparkasse-jenbach.at\/index.php\/wp-json\/wp\/v2\/pages\/383"}],"collection":[{"href":"https:\/\/schachklub-sparkasse-jenbach.at\/index.php\/wp-json\/wp\/v2\/pages"}],"about":[{"href":"https:\/\/schachklub-sparkasse-jenbach.at\/index.php\/wp-json\/wp\/v2\/types\/page"}],"author":[{"embeddable":true,"href":"https:\/\/schachklub-sparkasse-jenbach.at\/index.php\/wp-json\/wp\/v2\/users\/1"}],"replies":[{"embeddable":true,"href":"https:\/\/schachklub-sparkasse-jenbach.at\/index.php\/wp-json\/wp\/v2\/comments?post=383"}],"version-history":[{"count":1,"href":"https:\/\/schachklub-sparkasse-jenbach.at\/index.php\/wp-json\/wp\/v2\/pages\/383\/revisions"}],"predecessor-version":[{"id":385,"href":"https:\/\/schachklub-sparkasse-jenbach.at\/index.php\/wp-json\/wp\/v2\/pages\/383\/revisions\/385"}],"wp:attachment":[{"href":"https:\/\/schachklub-sparkasse-jenbach.at\/index.php\/wp-json\/wp\/v2\/media?parent=383"}],"curies":[{"name":"wp","href":"https:\/\/api.w.org\/{rel}","templated":true}]}}