{"id":372,"date":"2023-04-16T14:03:50","date_gmt":"2023-04-16T14:03:50","guid":{"rendered":"https:\/\/schachklub-sparkasse-jenbach.at\/?page_id=372"},"modified":"2023-11-24T11:32:48","modified_gmt":"2023-11-24T11:32:48","slug":"buchempfehlungen-nicht-nur-furs-jugendtraining","status":"publish","type":"page","link":"https:\/\/schachklub-sparkasse-jenbach.at\/index.php\/buchempfehlungen-nicht-nur-furs-jugendtraining\/","title":{"rendered":"Buchempfehlungen (nicht nur) f\u00fcrs Jugendtraining"},"content":{"rendered":"\n<h4 class=\"wp-block-heading\">Daniel King (2015), Wie man im Schach gewinnt; Joachim Beyer Verlag:<\/h4>\n\n\n\n<div class=\"wp-block-media-text alignwide is-stacked-on-mobile is-image-fill\" style=\"grid-template-columns:25% auto\"><figure class=\"wp-block-media-text__media\" style=\"background-image:url(https:\/\/schachklub-sparkasse-jenbach.at\/wp-content\/uploads\/2023\/04\/IMG_6452-2023-04-05-22_44_47-scaled-e1681653085652-1020x1024.jpg);background-position:50% 50%\"><img decoding=\"async\" loading=\"lazy\" width=\"1020\" height=\"1024\" src=\"https:\/\/schachklub-sparkasse-jenbach.at\/wp-content\/uploads\/2023\/04\/IMG_6452-2023-04-05-22_44_47-scaled-e1681653085652-1020x1024.jpg\" alt=\"\" class=\"wp-image-373 size-full\" srcset=\"https:\/\/schachklub-sparkasse-jenbach.at\/wp-content\/uploads\/2023\/04\/IMG_6452-2023-04-05-22_44_47-scaled-e1681653085652-1020x1024.jpg 1020w, https:\/\/schachklub-sparkasse-jenbach.at\/wp-content\/uploads\/2023\/04\/IMG_6452-2023-04-05-22_44_47-scaled-e1681653085652-300x300.jpg 300w, https:\/\/schachklub-sparkasse-jenbach.at\/wp-content\/uploads\/2023\/04\/IMG_6452-2023-04-05-22_44_47-scaled-e1681653085652-150x150.jpg 150w, https:\/\/schachklub-sparkasse-jenbach.at\/wp-content\/uploads\/2023\/04\/IMG_6452-2023-04-05-22_44_47-scaled-e1681653085652-768x771.jpg 768w, https:\/\/schachklub-sparkasse-jenbach.at\/wp-content\/uploads\/2023\/04\/IMG_6452-2023-04-05-22_44_47-scaled-e1681653085652-1529x1536.jpg 1529w, https:\/\/schachklub-sparkasse-jenbach.at\/wp-content\/uploads\/2023\/04\/IMG_6452-2023-04-05-22_44_47-scaled-e1681653085652.jpg 1625w\" sizes=\"(max-width: 1020px) 100vw, 1020px\" \/><\/figure><div class=\"wp-block-media-text__content\">\n<p>Die im Buch behandelten 10 goldenen Faustregeln bilden den Kern unseres Jugendtrainings, auf dem alles andere aufbaut. Es werden alle Grundlagen mit einfacher Sprache und Struktur behandelt und ist daher ideal f\u00fcr Anf\u00e4nger oder f\u00fcr Eltern ohne Schachhintergrund, die gerne mit ihren Kindern spielen wollen.<\/p>\n<\/div><\/div>\n\n\n\n<h4 class=\"wp-block-heading\">Tobias Hirnreise, Schach Lernen f\u00fcr Sch\u00fcler 1-3; Rochade Kids:<\/h4>\n\n\n\n<div class=\"wp-block-columns is-layout-flex wp-container-3\">\n<div class=\"wp-block-column is-layout-flow\" style=\"flex-basis:66.66%\">\n<p>Die Lernhefte von Rochade Kids sind aufgrund ihrer farblichen Gestaltung und einfacher Sprache ideal f\u00fcr Kinder im Volksschulalter die Regel und ersten Schritte des Schachspiels zu erlenen. Neben den eigentlichen Trainingsaufgaben sind Spiele mit Schachanlehnung enthalten, wo die Kinder Sticker sammeln k\u00f6nnen. Nach dem Abschlie\u00dfen jedes drei Hefte erhalten die Kinder einen eigenen Schachf\u00fchrerschein, der auch vom Trainer unterschrieben werden kann.<\/p>\n<\/div>\n\n\n\n<div class=\"wp-block-column is-layout-flow\" style=\"flex-basis:33.33%\">\n<figure class=\"wp-block-image size-large is-resized\"><img decoding=\"async\" loading=\"lazy\" src=\"https:\/\/schachklub-sparkasse-jenbach.at\/wp-content\/uploads\/2023\/04\/IMG_6453-2023-04-05-22_45_3-scaled-e1681653265110-1013x1024.jpg\" alt=\"\" class=\"wp-image-374\" width=\"230\" height=\"233\" srcset=\"https:\/\/schachklub-sparkasse-jenbach.at\/wp-content\/uploads\/2023\/04\/IMG_6453-2023-04-05-22_45_3-scaled-e1681653265110-1013x1024.jpg 1013w, https:\/\/schachklub-sparkasse-jenbach.at\/wp-content\/uploads\/2023\/04\/IMG_6453-2023-04-05-22_45_3-scaled-e1681653265110-297x300.jpg 297w, https:\/\/schachklub-sparkasse-jenbach.at\/wp-content\/uploads\/2023\/04\/IMG_6453-2023-04-05-22_45_3-scaled-e1681653265110-768x777.jpg 768w, https:\/\/schachklub-sparkasse-jenbach.at\/wp-content\/uploads\/2023\/04\/IMG_6453-2023-04-05-22_45_3-scaled-e1681653265110-1519x1536.jpg 1519w, https:\/\/schachklub-sparkasse-jenbach.at\/wp-content\/uploads\/2023\/04\/IMG_6453-2023-04-05-22_45_3-scaled-e1681653265110-2025x2048.jpg 2025w\" sizes=\"(max-width: 230px) 100vw, 230px\" \/><\/figure>\n<\/div>\n<\/div>\n\n\n\n<h4 class=\"wp-block-heading\">Tobias Hirnreise, Rochade Kids; Rochade Kids<\/h4>\n\n\n\n<div class=\"wp-block-media-text alignwide is-stacked-on-mobile\" style=\"grid-template-columns:25% auto\"><figure class=\"wp-block-media-text__media\"><img decoding=\"async\" loading=\"lazy\" width=\"1024\" height=\"1024\" src=\"https:\/\/schachklub-sparkasse-jenbach.at\/wp-content\/uploads\/2023\/04\/IMG_6454-2023-04-05-22_45_14-scaled-e1681653379354-1024x1024.jpg\" alt=\"\" class=\"wp-image-375 size-full\" srcset=\"https:\/\/schachklub-sparkasse-jenbach.at\/wp-content\/uploads\/2023\/04\/IMG_6454-2023-04-05-22_45_14-scaled-e1681653379354-1024x1024.jpg 1024w, https:\/\/schachklub-sparkasse-jenbach.at\/wp-content\/uploads\/2023\/04\/IMG_6454-2023-04-05-22_45_14-scaled-e1681653379354-300x300.jpg 300w, https:\/\/schachklub-sparkasse-jenbach.at\/wp-content\/uploads\/2023\/04\/IMG_6454-2023-04-05-22_45_14-scaled-e1681653379354-150x150.jpg 150w, https:\/\/schachklub-sparkasse-jenbach.at\/wp-content\/uploads\/2023\/04\/IMG_6454-2023-04-05-22_45_14-scaled-e1681653379354-768x768.jpg 768w, https:\/\/schachklub-sparkasse-jenbach.at\/wp-content\/uploads\/2023\/04\/IMG_6454-2023-04-05-22_45_14-scaled-e1681653379354-1536x1536.jpg 1536w, https:\/\/schachklub-sparkasse-jenbach.at\/wp-content\/uploads\/2023\/04\/IMG_6454-2023-04-05-22_45_14-scaled-e1681653379354-2048x2048.jpg 2048w\" sizes=\"(max-width: 1024px) 100vw, 1024px\" \/><\/figure><div class=\"wp-block-media-text__content\">\n<p>Die Zeitschriftreihe Rochade Kids beinhalten Trainingsmaterialen aus allen Bereichen des Schachspiels. Der gro\u00dfe Unterschied zu anderen Zeitschriften ist altersgerechte Aufbereitung in Sprache und Abbildung. Jedes einzelne Heft orientiert sich an ein Thema wie \u201ePiratenschach\u201c oder \u201eSchach im Weltall\u201c und passt ihre Darstellungen an diese Themen an. Jede Ausgabe enth\u00e4lt die Rubriken Taktik, Strategie, Er\u00f6ffnung, Mittelspiel, Endspiel und R\u00e4tsel. Die Zeitschrift erscheint mehrmals im Jahr.<\/p>\n<\/div><\/div>\n\n\n\n<h4 class=\"wp-block-heading\">Murry Chandler (2004), Schachtaktik f\u00fcr Kids; Gambit:<\/h4>\n\n\n\n<div class=\"wp-block-media-text alignwide is-stacked-on-mobile\" style=\"grid-template-columns:25% auto\"><figure class=\"wp-block-media-text__media\"><img decoding=\"async\" loading=\"lazy\" width=\"1008\" height=\"1024\" src=\"https:\/\/schachklub-sparkasse-jenbach.at\/wp-content\/uploads\/2023\/04\/IMG_6455_2023-04-05_22_45_23-scaled-e1681653442955-1008x1024.jpg\" alt=\"\" class=\"wp-image-376 size-full\" srcset=\"https:\/\/schachklub-sparkasse-jenbach.at\/wp-content\/uploads\/2023\/04\/IMG_6455_2023-04-05_22_45_23-scaled-e1681653442955-1008x1024.jpg 1008w, https:\/\/schachklub-sparkasse-jenbach.at\/wp-content\/uploads\/2023\/04\/IMG_6455_2023-04-05_22_45_23-scaled-e1681653442955-295x300.jpg 295w, https:\/\/schachklub-sparkasse-jenbach.at\/wp-content\/uploads\/2023\/04\/IMG_6455_2023-04-05_22_45_23-scaled-e1681653442955-768x780.jpg 768w, https:\/\/schachklub-sparkasse-jenbach.at\/wp-content\/uploads\/2023\/04\/IMG_6455_2023-04-05_22_45_23-scaled-e1681653442955-1512x1536.jpg 1512w, https:\/\/schachklub-sparkasse-jenbach.at\/wp-content\/uploads\/2023\/04\/IMG_6455_2023-04-05_22_45_23-scaled-e1681653442955.jpg 1625w\" sizes=\"(max-width: 1008px) 100vw, 1008px\" \/><\/figure><div class=\"wp-block-media-text__content\">\n<p>Neben der Schachstrategie sind die Taktikten eine der elementaren Bausteine des Schachspiels. Dieses Buch bildet eine sehr gute Sammlung der grundlegenden Schachtaktikten, typische Muster und Kombinationen im Schach.<\/p>\n<\/div><\/div>\n\n\n\n<h4 class=\"wp-block-heading\">Jeremy Silman (2008), Silmans Endspielkurs; New in Chess:<\/h4>\n\n\n\n<div class=\"wp-block-columns is-layout-flex wp-container-6\">\n<div class=\"wp-block-column is-layout-flow\" style=\"flex-basis:66.66%\">\n<p>Das Endspiel ist die dritte Phase einer Schachpartie und befasst sich damit eine Schachpartie mit nur wenigen Figuren zu beenden. Im Unterschied zu anderen Endspielspielb\u00fccher ist Silmans Endspielkurs keine reine Ansammlung verschiedener Techniken und Muster im Endspiel, sondern ein Lehrbuch wo die einzelnen Themen nach der ben\u00f6tigten Spielst\u00e4rke gereiht und erkl\u00e4rt werden. Aus diesem Grund reicht allein dieses Buch f\u00fcr die Mehrheit der Schachspieler aus, um die verschiedenen Fassetten des Endspiels zu erlernen.<\/p>\n<\/div>\n\n\n\n<div class=\"wp-block-column is-layout-flow\" style=\"flex-basis:25%\">\n<figure class=\"wp-block-image size-large is-resized\"><img decoding=\"async\" loading=\"lazy\" src=\"https:\/\/schachklub-sparkasse-jenbach.at\/wp-content\/uploads\/2023\/04\/IMG_6456_2023-04-05_22_45_24-scaled-e1681653511929-1004x1024.jpg\" alt=\"\" class=\"wp-image-377\" width=\"248\" height=\"252\" srcset=\"https:\/\/schachklub-sparkasse-jenbach.at\/wp-content\/uploads\/2023\/04\/IMG_6456_2023-04-05_22_45_24-scaled-e1681653511929-1004x1024.jpg 1004w, https:\/\/schachklub-sparkasse-jenbach.at\/wp-content\/uploads\/2023\/04\/IMG_6456_2023-04-05_22_45_24-scaled-e1681653511929-294x300.jpg 294w, https:\/\/schachklub-sparkasse-jenbach.at\/wp-content\/uploads\/2023\/04\/IMG_6456_2023-04-05_22_45_24-scaled-e1681653511929-768x783.jpg 768w, https:\/\/schachklub-sparkasse-jenbach.at\/wp-content\/uploads\/2023\/04\/IMG_6456_2023-04-05_22_45_24-scaled-e1681653511929-1506x1536.jpg 1506w, https:\/\/schachklub-sparkasse-jenbach.at\/wp-content\/uploads\/2023\/04\/IMG_6456_2023-04-05_22_45_24-scaled-e1681653511929.jpg 1612w\" sizes=\"(max-width: 248px) 100vw, 248px\" \/><\/figure>\n<\/div>\n<\/div>\n\n\n\n<h4 class=\"wp-block-heading\">Thomas Engqvist (2016), Chess Strategy for Kids; Gambit:<\/h4>\n\n\n\n<div class=\"wp-block-media-text alignwide is-stacked-on-mobile\" style=\"grid-template-columns:25% auto\"><figure class=\"wp-block-media-text__media\"><img decoding=\"async\" loading=\"lazy\" width=\"1016\" height=\"1024\" src=\"https:\/\/schachklub-sparkasse-jenbach.at\/wp-content\/uploads\/2023\/04\/IMG_6460-2023-04-05-22_45_24-scaled-e1681653607303-1016x1024.jpg\" alt=\"\" class=\"wp-image-378 size-full\" srcset=\"https:\/\/schachklub-sparkasse-jenbach.at\/wp-content\/uploads\/2023\/04\/IMG_6460-2023-04-05-22_45_24-scaled-e1681653607303-1016x1024.jpg 1016w, https:\/\/schachklub-sparkasse-jenbach.at\/wp-content\/uploads\/2023\/04\/IMG_6460-2023-04-05-22_45_24-scaled-e1681653607303-298x300.jpg 298w, https:\/\/schachklub-sparkasse-jenbach.at\/wp-content\/uploads\/2023\/04\/IMG_6460-2023-04-05-22_45_24-scaled-e1681653607303-150x150.jpg 150w, https:\/\/schachklub-sparkasse-jenbach.at\/wp-content\/uploads\/2023\/04\/IMG_6460-2023-04-05-22_45_24-scaled-e1681653607303-768x774.jpg 768w, https:\/\/schachklub-sparkasse-jenbach.at\/wp-content\/uploads\/2023\/04\/IMG_6460-2023-04-05-22_45_24-scaled-e1681653607303-1524x1536.jpg 1524w, https:\/\/schachklub-sparkasse-jenbach.at\/wp-content\/uploads\/2023\/04\/IMG_6460-2023-04-05-22_45_24-scaled-e1681653607303.jpg 1644w\" sizes=\"(max-width: 1016px) 100vw, 1016px\" \/><\/figure><div class=\"wp-block-media-text__content\">\n<p>Nat\u00fcrlich ist nach den 10 goldenen Regeln von Daniel King noch nicht Schluss in der Schachstrategie. Chess Strategy for Kids bildet eine sehre gute Erweiterung und Verallgemeinerung der Konzepte, die King in seinem Buch anf\u00fchrt. Im Buch wird ein gro\u00dfer \u00dcberblick \u00fcber die strategischen Muster und Fassetten des Schachspiels dargelegt. Mit diesem Buch wird es immer einfacher, eine Antwort auf die Frage \u201eWas soll ich jetzt tun?\u201c zu finden. Leider ist f\u00fcr dieses Buch noch keine deutsche Version erschienen, jedoch sollten Jugendliche kein Problem haben es zu lesen.<\/p>\n<\/div><\/div>\n\n\n\n<h4 class=\"wp-block-heading\" style=\"font-size:clamp(1.305rem, 1.305rem + ((1vw - 0.48rem) * 0.837), 1.74rem);\">John Watson und Graham Burgess (2012), Schacher\u00f6ffnungen f\u00fcr Kids; Gambit:<\/h4>\n\n\n\n<div class=\"wp-block-columns is-layout-flex wp-container-9\">\n<div class=\"wp-block-column is-layout-flow\" style=\"flex-basis:66.66%\">\n<p><\/p>\n\n\n\n<p>Am Anfang einer Schachpartie hat immer die Qual der Wahl, wie man jetzt die Partie beginnen sollte. Dieses B\u00fcch liefert eine sch\u00f6ne Zusammenfassung der bekanntesten Schacher\u00f6ffnungen und stehlt auch jeweils ihre typischen Z\u00fcge und Merkmale vor.<\/p>\n<\/div>\n\n\n\n<div class=\"wp-block-column is-layout-flow\" style=\"flex-basis:25%\">\n<figure class=\"wp-block-image size-large is-resized\"><img decoding=\"async\" loading=\"lazy\" src=\"https:\/\/schachklub-sparkasse-jenbach.at\/wp-content\/uploads\/2023\/04\/IMG_6461-2023-04-05-22_45_25-scaled-e1681653693345-1014x1024.jpg\" alt=\"\" class=\"wp-image-379\" width=\"213\" height=\"214\" srcset=\"https:\/\/schachklub-sparkasse-jenbach.at\/wp-content\/uploads\/2023\/04\/IMG_6461-2023-04-05-22_45_25-scaled-e1681653693345-1014x1024.jpg 1014w, https:\/\/schachklub-sparkasse-jenbach.at\/wp-content\/uploads\/2023\/04\/IMG_6461-2023-04-05-22_45_25-scaled-e1681653693345-297x300.jpg 297w, https:\/\/schachklub-sparkasse-jenbach.at\/wp-content\/uploads\/2023\/04\/IMG_6461-2023-04-05-22_45_25-scaled-e1681653693345-150x150.jpg 150w, https:\/\/schachklub-sparkasse-jenbach.at\/wp-content\/uploads\/2023\/04\/IMG_6461-2023-04-05-22_45_25-scaled-e1681653693345-768x776.jpg 768w, https:\/\/schachklub-sparkasse-jenbach.at\/wp-content\/uploads\/2023\/04\/IMG_6461-2023-04-05-22_45_25-scaled-e1681653693345-1520x1536.jpg 1520w, https:\/\/schachklub-sparkasse-jenbach.at\/wp-content\/uploads\/2023\/04\/IMG_6461-2023-04-05-22_45_25-scaled-e1681653693345.jpg 1644w\" sizes=\"(max-width: 213px) 100vw, 213px\" \/><\/figure>\n<\/div>\n<\/div>\n\n\n\n<h4 class=\"wp-block-heading\">Paul Gaffron (2004-2015), ABC der Schachtaktik Band 1-15; Blauer Punkt:<\/h4>\n\n\n\n<div class=\"wp-block-media-text alignwide is-stacked-on-mobile\" style=\"grid-template-columns:25% auto\"><figure class=\"wp-block-media-text__media\"><img decoding=\"async\" loading=\"lazy\" width=\"1024\" height=\"1024\" src=\"https:\/\/schachklub-sparkasse-jenbach.at\/wp-content\/uploads\/2023\/04\/IMG_6463-scaled-e1681653811798-1024x1024.jpg\" alt=\"\" class=\"wp-image-381 size-full\" srcset=\"https:\/\/schachklub-sparkasse-jenbach.at\/wp-content\/uploads\/2023\/04\/IMG_6463-scaled-e1681653811798-1024x1024.jpg 1024w, https:\/\/schachklub-sparkasse-jenbach.at\/wp-content\/uploads\/2023\/04\/IMG_6463-scaled-e1681653811798-300x300.jpg 300w, https:\/\/schachklub-sparkasse-jenbach.at\/wp-content\/uploads\/2023\/04\/IMG_6463-scaled-e1681653811798-150x150.jpg 150w, https:\/\/schachklub-sparkasse-jenbach.at\/wp-content\/uploads\/2023\/04\/IMG_6463-scaled-e1681653811798-768x768.jpg 768w, https:\/\/schachklub-sparkasse-jenbach.at\/wp-content\/uploads\/2023\/04\/IMG_6463-scaled-e1681653811798-1536x1536.jpg 1536w, https:\/\/schachklub-sparkasse-jenbach.at\/wp-content\/uploads\/2023\/04\/IMG_6463-scaled-e1681653811798-2048x2048.jpg 2048w\" sizes=\"(max-width: 1024px) 100vw, 1024px\" \/><\/figure><div class=\"wp-block-media-text__content\">\n<p>\u00dcbung macht den Meister, jedoch ohne \u00dcbungsmaterial wird es schwer. Diese Heftreihe bietet eine Vielzahl von Trainingsmaterialien f\u00fcr das Taktiktraining. Von Matt in 1-4 Z\u00fcgen \u00fcber Vorteil in 1-2 Z\u00fcgen ist alles dabei.<\/p>\n<\/div><\/div>\n\n\n\n<p>Unser Jugendtrainer beantwortet gerne Fragen zu Schachb\u00fcchern. Au\u00dferdem k\u00f6nnen die Hefte von Rochade Kids auch direkt in unserem Vereinslokal erworben werden.<\/p>\n\n\n\n<h4 class=\"wp-block-heading\">Jeremy Silman, Schach von A-Z:<\/h4>\n\n\n\n<div class=\"wp-block-columns is-layout-flex wp-container-12\">\n<div class=\"wp-block-column is-vertically-aligned-center is-layout-flow\" style=\"flex-basis:66.66%\">\n<p>Wer auf der Suche nach einem &#8220;Gesamtlehrbuch&#8221; ist, wird mit diesem Buch seine Freude haben. Es werden alle Bereiche im Schach in moderner Form, kurz aber &#8220;knackig&#8221; erkl\u00e4rt und aufgezeigt. Jeremy Silman versteht es auch zu unterschiedlichen Themen, praxisbezogene Beispiele einzubauen.<\/p>\n<\/div>\n\n\n\n<div class=\"wp-block-column is-layout-flow\" style=\"flex-basis:33.33%\">\n<figure class=\"wp-block-image size-large\"><img decoding=\"async\" loading=\"lazy\" width=\"720\" height=\"719\" src=\"https:\/\/schachklub-sparkasse-jenbach.at\/wp-content\/uploads\/2023\/11\/WhatsApp-Image-2023-11-24-at-12.22.11-e1700824991519-edited.jpeg\" alt=\"\" class=\"wp-image-445\" srcset=\"https:\/\/schachklub-sparkasse-jenbach.at\/wp-content\/uploads\/2023\/11\/WhatsApp-Image-2023-11-24-at-12.22.11-e1700824991519-edited.jpeg 720w, https:\/\/schachklub-sparkasse-jenbach.at\/wp-content\/uploads\/2023\/11\/WhatsApp-Image-2023-11-24-at-12.22.11-e1700824991519-edited-300x300.jpeg 300w, https:\/\/schachklub-sparkasse-jenbach.at\/wp-content\/uploads\/2023\/11\/WhatsApp-Image-2023-11-24-at-12.22.11-e1700824991519-edited-150x150.jpeg 150w\" sizes=\"(max-width: 720px) 100vw, 720px\" \/><\/figure>\n<\/div>\n<\/div>\n\n\n\n<h4 class=\"wp-block-heading\">Silke Einacker, Goldene Regeln im Schach:<\/h4>\n\n\n\n<div class=\"wp-block-columns is-layout-flex wp-container-15\">\n<div class=\"wp-block-column is-layout-flow\" style=\"flex-basis:33.33%\">\n<figure class=\"wp-block-image size-large\"><img decoding=\"async\" loading=\"lazy\" width=\"702\" height=\"702\" src=\"https:\/\/schachklub-sparkasse-jenbach.at\/wp-content\/uploads\/2023\/11\/WhatsApp-Image-2023-11-24-at-12.22.12-e1700825251179-edited.jpeg\" alt=\"\" class=\"wp-image-446\" srcset=\"https:\/\/schachklub-sparkasse-jenbach.at\/wp-content\/uploads\/2023\/11\/WhatsApp-Image-2023-11-24-at-12.22.12-e1700825251179-edited.jpeg 702w, https:\/\/schachklub-sparkasse-jenbach.at\/wp-content\/uploads\/2023\/11\/WhatsApp-Image-2023-11-24-at-12.22.12-e1700825251179-edited-300x300.jpeg 300w, https:\/\/schachklub-sparkasse-jenbach.at\/wp-content\/uploads\/2023\/11\/WhatsApp-Image-2023-11-24-at-12.22.12-e1700825251179-edited-150x150.jpeg 150w\" sizes=\"(max-width: 702px) 100vw, 702px\" \/><\/figure>\n<\/div>\n\n\n\n<div class=\"wp-block-column is-vertically-aligned-center is-layout-flow\" style=\"flex-basis:66.66%\">\n<p>Ideale Erg\u00e4nzung zum Buch &#8220;Wie man im Schach gewinnt&#8221;, welche die Basic Regeln aufzeigt. Silke Einackers Buch zeigt die &#8220;Goldenen Regeln&#8221; in vertiefender Form, praxisbezogener Beispiele, runden diese Leitf\u00e4den ideal ab!<\/p>\n<\/div>\n<\/div>\n","protected":false},"excerpt":{"rendered":"<p>Daniel King (2015), Wie man im Schach gewinnt; Joachim Beyer Verlag: Die im Buch behandelten 10 goldenen Faustregeln bilden den Kern unseres Jugendtrainings, auf dem alles andere aufbaut. Es werden alle Grundlagen mit einfacher Sprache und Struktur behandelt und ist daher ideal f\u00fcr Anf\u00e4nger oder f\u00fcr Eltern ohne Schachhintergrund, die gerne mit ihren Kindern spielen [&hellip;]<\/p>\n","protected":false},"author":1,"featured_media":0,"parent":0,"menu_order":0,"comment_status":"closed","ping_status":"closed","template":"","meta":{"_eb_attr":""},"_links":{"self":[{"href":"https:\/\/schachklub-sparkasse-jenbach.at\/index.php\/wp-json\/wp\/v2\/pages\/372"}],"collection":[{"href":"https:\/\/schachklub-sparkasse-jenbach.at\/index.php\/wp-json\/wp\/v2\/pages"}],"about":[{"href":"https:\/\/schachklub-sparkasse-jenbach.at\/index.php\/wp-json\/wp\/v2\/types\/page"}],"author":[{"embeddable":true,"href":"https:\/\/schachklub-sparkasse-jenbach.at\/index.php\/wp-json\/wp\/v2\/users\/1"}],"replies":[{"embeddable":true,"href":"https:\/\/schachklub-sparkasse-jenbach.at\/index.php\/wp-json\/wp\/v2\/comments?post=372"}],"version-history":[{"count":2,"href":"https:\/\/schachklub-sparkasse-jenbach.at\/index.php\/wp-json\/wp\/v2\/pages\/372\/revisions"}],"predecessor-version":[{"id":447,"href":"https:\/\/schachklub-sparkasse-jenbach.at\/index.php\/wp-json\/wp\/v2\/pages\/372\/revisions\/447"}],"wp:attachment":[{"href":"https:\/\/schachklub-sparkasse-jenbach.at\/index.php\/wp-json\/wp\/v2\/media?parent=372"}],"curies":[{"name":"wp","href":"https:\/\/api.w.org\/{rel}","templated":true}]}}