{"id":279,"date":"2023-02-25T21:20:53","date_gmt":"2023-02-25T21:20:53","guid":{"rendered":"https:\/\/schachklub-sparkasse-jenbach.at\/?page_id=279"},"modified":"2025-08-19T15:09:35","modified_gmt":"2025-08-19T15:09:35","slug":"unser-trainerteam","status":"publish","type":"page","link":"https:\/\/schachklub-sparkasse-jenbach.at\/index.php\/unser-trainerteam\/","title":{"rendered":"Unser Trainerteam"},"content":{"rendered":"\n<figure class=\"wp-block-image size-large\"><img decoding=\"async\" loading=\"lazy\" width=\"1024\" height=\"768\" src=\"https:\/\/schachklub-sparkasse-jenbach.at\/wp-content\/uploads\/2023\/02\/IMG_5900_2023-02-25_16_08_15-1024x768.jpg\" alt=\"\" class=\"wp-image-281\" srcset=\"https:\/\/schachklub-sparkasse-jenbach.at\/wp-content\/uploads\/2023\/02\/IMG_5900_2023-02-25_16_08_15-1024x768.jpg 1024w, https:\/\/schachklub-sparkasse-jenbach.at\/wp-content\/uploads\/2023\/02\/IMG_5900_2023-02-25_16_08_15-300x225.jpg 300w, https:\/\/schachklub-sparkasse-jenbach.at\/wp-content\/uploads\/2023\/02\/IMG_5900_2023-02-25_16_08_15-768x576.jpg 768w, https:\/\/schachklub-sparkasse-jenbach.at\/wp-content\/uploads\/2023\/02\/IMG_5900_2023-02-25_16_08_15-1536x1152.jpg 1536w, https:\/\/schachklub-sparkasse-jenbach.at\/wp-content\/uploads\/2023\/02\/IMG_5900_2023-02-25_16_08_15-2048x1536.jpg 2048w\" sizes=\"(max-width: 1024px) 100vw, 1024px\" \/><\/figure>\n\n\n\n<p>Das Trainerteam des Schachklubs Sparkasse Jenbach besteht aus einem vierk\u00f6pfigen Team, die sich die verschiedenen Aspekte des Schachtrainings untereinander aufteilen. Alle haben die Trainersaubildung des Landesverbands besucht und erfolgreich abgeschlossen. Unsere Trainer im Bild von links nach rechts:<\/p>\n\n\n\n<h3 class=\"wp-block-heading\">Unsere \u00dcbungsleiter:<\/h3>\n\n\n\n<h4 class=\"wp-block-heading\">Benjamin Spierings<\/h4>\n\n\n\n<p>sorgt daf\u00fcr, dass all unsere interessierten Klubmitglieder technisch einheitlich ausgestattet sind, und beantwortet oder behebt technische Fragen bzw. Probleme. Benjamin leitet unsere Mannschaft in der Ersten Klasse als spielender Mannschaftsf\u00fchrer und spielt regelm\u00e4\u00dfig in der Zweiten Klasse. Au\u00dferdem ist er als zweiter Jugendtrainer f\u00fcr die Anf\u00e4nger verantwortlich.<\/p>\n\n\n\n<h4 class=\"wp-block-heading\">Michael Siding<\/h4>\n\n\n\n<p>ist unser Er\u00f6ffnungsexperte in unserem Verein und zeigt unseren Vereinsmitgliedern, wie man seinen Gegner schon fr\u00fch unter Druck setzen kann und dadurch aufregende und interessante Partien spielen kann. Michael betreut unsere Jugendmannschaft in der Gebietsklasse als spielender Mannschaftf\u00fchrer, spielt in unserer Jenbacher Kernmannschaft in der Ersten und Zweiten Klasse und hilft in der Tiroler Landesliga aus. Au\u00dferdem leitet er auch noch unser Jugendtraining.<\/p>\n\n\n\n<h3 class=\"wp-block-heading\">Unsere Instruktoren:<\/h3>\n\n\n\n<h4 class=\"wp-block-heading\">Stefan Widner<\/h4>\n\n\n\n<p>fordert unsere Klubmitglieder mit taktischen Kombinationen und wichtigen Endspielen heraus und sorgt daf\u00fcr, dass wir in unseren Partien wachsam bleiben. Als spielender Mannschaftsf\u00fchrer sorgt er daf\u00fcr, dass wir in der h\u00f6chsten Tiroler Spielklasse ohne Problem im vorderen Mittelfeld mitspielen. Au\u00dferdem hilft Stefan auch immer wieder in der Bundesliga West aus oder und hilft regelm\u00e4\u00dfig in der Ersten Klasse aus.<\/p>\n\n\n\n<h4 class=\"wp-block-heading\">Bernhard Lederwasch<\/h4>\n\n\n\n<p>steckt hinter unserem beliebten Schachkurs f\u00fcr Jung und Alt. Mit seiner motivierenden Art und Spr\u00fcchen animiert er unsere Klubmitglieder auch schon einmal eine \u201eh\u00e4rtere Nuss\u201c zu knacken. Bernhard spielt regelm\u00e4\u00dfig in der Bundesliga West und in der Tiroler Landesliga oder f\u00fchrt unsere Jenbacher Kernmannschaft in der Ersten Klasse am ersten Brett an.<\/p>\n","protected":false},"excerpt":{"rendered":"<p>Das Trainerteam des Schachklubs Sparkasse Jenbach besteht aus einem vierk\u00f6pfigen Team, die sich die verschiedenen Aspekte des Schachtrainings untereinander aufteilen. Alle haben die Trainersaubildung des Landesverbands besucht und erfolgreich abgeschlossen. Unsere Trainer im Bild von links nach rechts: Unsere \u00dcbungsleiter: Benjamin Spierings sorgt daf\u00fcr, dass all unsere interessierten Klubmitglieder technisch einheitlich ausgestattet sind, und beantwortet [&hellip;]<\/p>\n","protected":false},"author":1,"featured_media":0,"parent":0,"menu_order":0,"comment_status":"closed","ping_status":"closed","template":"","meta":{"_eb_attr":""},"_links":{"self":[{"href":"https:\/\/schachklub-sparkasse-jenbach.at\/index.php\/wp-json\/wp\/v2\/pages\/279"}],"collection":[{"href":"https:\/\/schachklub-sparkasse-jenbach.at\/index.php\/wp-json\/wp\/v2\/pages"}],"about":[{"href":"https:\/\/schachklub-sparkasse-jenbach.at\/index.php\/wp-json\/wp\/v2\/types\/page"}],"author":[{"embeddable":true,"href":"https:\/\/schachklub-sparkasse-jenbach.at\/index.php\/wp-json\/wp\/v2\/users\/1"}],"replies":[{"embeddable":true,"href":"https:\/\/schachklub-sparkasse-jenbach.at\/index.php\/wp-json\/wp\/v2\/comments?post=279"}],"version-history":[{"count":4,"href":"https:\/\/schachklub-sparkasse-jenbach.at\/index.php\/wp-json\/wp\/v2\/pages\/279\/revisions"}],"predecessor-version":[{"id":578,"href":"https:\/\/schachklub-sparkasse-jenbach.at\/index.php\/wp-json\/wp\/v2\/pages\/279\/revisions\/578"}],"wp:attachment":[{"href":"https:\/\/schachklub-sparkasse-jenbach.at\/index.php\/wp-json\/wp\/v2\/media?parent=279"}],"curies":[{"name":"wp","href":"https:\/\/api.w.org\/{rel}","templated":true}]}}